{"id":276,"date":"2026-03-05T09:14:48","date_gmt":"2026-03-05T09:14:48","guid":{"rendered":"http:\/\/monorakennus.fi\/?page_id=276"},"modified":"2026-03-22T08:05:44","modified_gmt":"2026-03-22T08:05:44","slug":"construction-site-support-services","status":"publish","type":"page","link":"https:\/\/monorakennus.fi\/fi\/construction-site-support-services\/","title":{"rendered":"Ty\u00f6maapalvelut"},"content":{"rendered":"<div data-elementor-type=\"wp-page\" data-elementor-id=\"276\" class=\"elementor elementor-276\" data-elementor-post-type=\"page\">\n\t\t\t\t<div class=\"elementor-element elementor-element-5dd4aff e-flex e-con-boxed e-con e-parent\" data-id=\"5dd4aff\" data-element_type=\"container\" data-settings=\"{&quot;background_background&quot;:&quot;classic&quot;}\">\n\t\t\t\t\t<div class=\"e-con-inner\">\n\t\t\t\t<div class=\"elementor-element elementor-element-ea68f26 elementor-invisible elementor-widget elementor-widget-heading\" data-id=\"ea68f26\" data-element_type=\"widget\" data-settings=\"{&quot;_animation&quot;:&quot;zoomIn&quot;}\" data-widget_type=\"heading.default\">\n\t\t\t\t\t<h1 class=\"elementor-heading-title elementor-size-default\">Ty\u00f6maapalvelut <\/h1>\t\t\t\t<\/div>\n\t\t\t\t\t<\/div>\n\t\t\t\t<\/div>\n\t\t<div class=\"elementor-element elementor-element-f453b0e e-flex e-con-boxed e-con e-parent\" data-id=\"f453b0e\" data-element_type=\"container\">\n\t\t\t\t\t<div class=\"e-con-inner\">\n\t\t<div class=\"elementor-element elementor-element-d497a71 e-con-full e-flex e-con e-child\" data-id=\"d497a71\" data-element_type=\"container\">\n\t\t\t\t<div class=\"elementor-element elementor-element-ea7afa0 elementor-invisible elementor-widget elementor-widget-image\" data-id=\"ea7afa0\" data-element_type=\"widget\" data-settings=\"{&quot;_animation&quot;:&quot;zoomIn&quot;}\" data-widget_type=\"image.default\">\n\t\t\t\t\t\t\t\t\t\t\t\t\t\t\t<img fetchpriority=\"high\" decoding=\"async\" width=\"799\" height=\"1024\" src=\"https:\/\/monorakennus.fi\/wp-content\/uploads\/2026\/03\/Certified-Spotters-799x1024.jpeg\" class=\"attachment-large size-large wp-image-622\" alt=\"\" srcset=\"https:\/\/monorakennus.fi\/wp-content\/uploads\/2026\/03\/Certified-Spotters-799x1024.jpeg 799w, https:\/\/monorakennus.fi\/wp-content\/uploads\/2026\/03\/Certified-Spotters-234x300.jpeg 234w, https:\/\/monorakennus.fi\/wp-content\/uploads\/2026\/03\/Certified-Spotters-768x984.jpeg 768w, https:\/\/monorakennus.fi\/wp-content\/uploads\/2026\/03\/Certified-Spotters-1199x1536.jpeg 1199w, https:\/\/monorakennus.fi\/wp-content\/uploads\/2026\/03\/Certified-Spotters.jpeg 820w\" sizes=\"(max-width: 799px) 100vw, 799px\" \/>\t\t\t\t\t\t\t\t\t\t\t\t\t\t\t<\/div>\n\t\t\t\t<\/div>\n\t\t<div class=\"elementor-element elementor-element-608ad2e e-con-full e-flex e-con e-child\" data-id=\"608ad2e\" data-element_type=\"container\" data-settings=\"{&quot;background_background&quot;:&quot;classic&quot;}\">\n\t\t\t\t<div class=\"elementor-element elementor-element-5e6a55b elementor-widget elementor-widget-icon-box\" data-id=\"5e6a55b\" data-element_type=\"widget\" data-widget_type=\"icon-box.default\">\n\t\t\t\t\t\t\t<div class=\"elementor-icon-box-wrapper\">\n\n\t\t\t\n\t\t\t\t\t\t<div class=\"elementor-icon-box-content\">\n\n\t\t\t\t\t\t\t\t\t<h2 class=\"elementor-icon-box-title\">\n\t\t\t\t\t\t<span  >\n\t\t\t\t\t\t\tKoulutetut spotterit \t\t\t\t\t\t<\/span>\n\t\t\t\t\t<\/h2>\n\t\t\t\t\n\t\t\t\t\t\t\t\t\t<p class=\"elementor-icon-box-description\">\n\t\t\t\t\t\tTarjoamme koulutettuja ja sertifioituja spottereita varmistamaan raskaan kaluston, nosto- ja liikenneoperaatioiden turvallisen toteutuksen ty\u00f6maalla. Spotterimme toimivat koneen kuljettajan ja ty\u00f6maahenkil\u00f6st\u00f6n v\u00e4lisin\u00e4 silmin\u00e4 ja viestint\u00e4linkkein\u00e4, koordinoiden liikkumisia onnettomuuksien ehk\u00e4isemiseksi ja ty\u00f6vaiheiden sujuvuuden yll\u00e4pit\u00e4miseksi. He ovat t\u00e4ysin perehtyneit\u00e4 suomalaisiin turvallisuusstandardeihin ja ty\u00f6maakohtaisiin k\u00e4yt\u00e4nt\u00f6ihin, valvovat aktiivisesti toimintoja, tunnistavat mahdollisia vaaroja ja antavat selkeit\u00e4 ohjeita operaattoreille ja ty\u00f6ntekij\u00f6ille. Spottereiden integroiminen p\u00e4ivitt\u00e4isiin ty\u00f6vaiheisiin parantaa turvallisuutta, tehostaa ty\u00f6skentely\u00e4 ja tukee j\u00e4rjest\u00e4ytynytt\u00e4, hallittua ja s\u00e4\u00e4d\u00f6sten mukaista ty\u00f6maatoimintaa koko projektin ajan.\n\t\t\t\t\t<\/p>\n\t\t\t\t\n\t\t\t<\/div>\n\t\t\t\n\t\t<\/div>\n\t\t\t\t\t\t<\/div>\n\t\t\t\t<div class=\"elementor-element elementor-element-f25e123 elementor-widget__width-auto elementor-mobile-align-justify elementor-widget-mobile__width-inherit elementor-tablet-align-justify animated-slow elementor-invisible elementor-widget elementor-widget-button\" data-id=\"f25e123\" data-element_type=\"widget\" data-settings=\"{&quot;_animation&quot;:&quot;fadeInUp&quot;}\" data-widget_type=\"button.default\">\n\t\t\t\t\t\t\t\t\t\t<a class=\"elementor-button elementor-button-link elementor-size-sm\" href=\"http:\/\/monorakennus.fi\/fi\/contact-us\/\">\n\t\t\t\t\t\t<span class=\"elementor-button-content-wrapper\">\n\t\t\t\t\t\t<span class=\"elementor-button-icon\">\n\t\t\t\t<svg aria-hidden=\"true\" class=\"e-font-icon-svg e-fas-paper-plane\" viewbox=\"0 0 512 512\" xmlns=\"http:\/\/www.w3.org\/2000\/svg\"><path d=\"M476 3.2L12.5 270.6c-18.1 10.4-15.8 35.6 2.2 43.2L121 358.4l287.3-253.2c5.5-4.9 13.3 2.6 8.6 8.3L176 407v80.5c0 23.6 28.5 32.9 42.5 15.8L282 426l124.6 52.2c14.2 6 30.4-2.9 33-18.2l72-432C515 7.8 493.3-6.8 476 3.2z\"><\/path><\/svg>\t\t\t<\/span>\n\t\t\t\t\t\t\t\t\t<span class=\"elementor-button-text\">Pyyd\u00e4 tarjous<\/span>\n\t\t\t\t\t<\/span>\n\t\t\t\t\t<\/a>\n\t\t\t\t\t\t\t\t<\/div>\n\t\t\t\t<\/div>\n\t\t\t\t\t<\/div>\n\t\t\t\t<\/div>\n\t\t<div class=\"elementor-element elementor-element-83b3b15 e-flex e-con-boxed e-con e-parent\" data-id=\"83b3b15\" data-element_type=\"container\">\n\t\t\t\t\t<div class=\"e-con-inner\">\n\t\t<div class=\"elementor-element elementor-element-6d4aecd e-con-full e-flex e-con e-child\" data-id=\"6d4aecd\" data-element_type=\"container\">\n\t\t\t\t<div class=\"elementor-element elementor-element-654950f elementor-invisible elementor-widget elementor-widget-image\" data-id=\"654950f\" data-element_type=\"widget\" data-settings=\"{&quot;_animation&quot;:&quot;zoomIn&quot;}\" data-widget_type=\"image.default\">\n\t\t\t\t\t\t\t\t\t\t\t\t\t\t\t<img decoding=\"async\" width=\"800\" height=\"534\" src=\"https:\/\/monorakennus.fi\/wp-content\/uploads\/2026\/03\/Gate-keeping-1024x683.jpg\" class=\"attachment-large size-large wp-image-481\" alt=\"\" srcset=\"https:\/\/monorakennus.fi\/wp-content\/uploads\/2026\/03\/Gate-keeping-1024x683.jpg 1024w, https:\/\/monorakennus.fi\/wp-content\/uploads\/2026\/03\/Gate-keeping-300x200.jpg 300w, https:\/\/monorakennus.fi\/wp-content\/uploads\/2026\/03\/Gate-keeping-768x512.jpg 768w, https:\/\/monorakennus.fi\/wp-content\/uploads\/2026\/03\/Gate-keeping-1536x1024.jpg 1536w, https:\/\/monorakennus.fi\/wp-content\/uploads\/2026\/03\/Gate-keeping-2048x1365.jpg 2048w, https:\/\/monorakennus.fi\/wp-content\/uploads\/2026\/03\/Gate-keeping-scaled.jpg 1575w\" sizes=\"(max-width: 800px) 100vw, 800px\" \/>\t\t\t\t\t\t\t\t\t\t\t\t\t\t\t<\/div>\n\t\t\t\t<\/div>\n\t\t<div class=\"elementor-element elementor-element-5f20b74 e-con-full e-flex e-con e-child\" data-id=\"5f20b74\" data-element_type=\"container\" data-settings=\"{&quot;background_background&quot;:&quot;classic&quot;}\">\n\t\t\t\t<div class=\"elementor-element elementor-element-5442d59 elementor-widget elementor-widget-icon-box\" data-id=\"5442d59\" data-element_type=\"widget\" data-widget_type=\"icon-box.default\">\n\t\t\t\t\t\t\t<div class=\"elementor-icon-box-wrapper\">\n\n\t\t\t\n\t\t\t\t\t\t<div class=\"elementor-icon-box-content\">\n\n\t\t\t\t\t\t\t\t\t<h2 class=\"elementor-icon-box-title\">\n\t\t\t\t\t\t<span  >\n\t\t\t\t\t\t\tPorttivartiointi &amp; ty\u00f6maap\u00e4\u00e4syjen hallinta \t\t\t\t\t\t<\/span>\n\t\t\t\t\t<\/h2>\n\t\t\t\t\n\t\t\t\t\t\t\t\t\t<p class=\"elementor-icon-box-description\">\n\t\t\t\t\t\tPorttivartiointipalvelumme tarjoavat kokonaisvaltaisen kontrollin ty\u00f6maan kulkuoikeuksiin, varmistaen, ett\u00e4 vain valtuutettu henkil\u00f6kunta ja ajoneuvot p\u00e4\u00e4sev\u00e4t sis\u00e4\u00e4n. Hallinnoimme ja valvomme kaikkia ty\u00f6maan p\u00e4\u00e4syj\u00e4, tarkistamme, ett\u00e4 kaikilla ty\u00f6ntekij\u00f6ill\u00e4 ja vierailijoilla on vaaditut kulkuluvat, turvakortit ja todistukset, ja pid\u00e4mme yksityiskohtaista p\u00e4ivitt\u00e4ist\u00e4 kirjanpitoa sis\u00e4\u00e4n- ja ulosmenoista. Ty\u00f6maan kulun huolellinen valvonta ja strukturoitujen k\u00e4yt\u00e4nt\u00f6jen noudattaminen lis\u00e4\u00e4v\u00e4t turvallisuutta, edist\u00e4v\u00e4t s\u00e4\u00e4d\u00f6sten noudattamista ja tukevat turvallista, j\u00e4rjest\u00e4ytynytt\u00e4 ja tehokasta ty\u00f6maatoimintaa koko projektin ajan.\t\t\t\t\t<\/p>\n\t\t\t\t\n\t\t\t<\/div>\n\t\t\t\n\t\t<\/div>\n\t\t\t\t\t\t<\/div>\n\t\t\t\t<div class=\"elementor-element elementor-element-8d37753 elementor-widget__width-auto elementor-mobile-align-justify elementor-widget-mobile__width-inherit elementor-tablet-align-justify animated-slow elementor-invisible elementor-widget elementor-widget-button\" data-id=\"8d37753\" data-element_type=\"widget\" data-settings=\"{&quot;_animation&quot;:&quot;fadeInUp&quot;}\" data-widget_type=\"button.default\">\n\t\t\t\t\t\t\t\t\t\t<a class=\"elementor-button elementor-button-link elementor-size-sm\" href=\"http:\/\/monorakennus.fi\/fi\/contact-us\/\">\n\t\t\t\t\t\t<span class=\"elementor-button-content-wrapper\">\n\t\t\t\t\t\t<span class=\"elementor-button-icon\">\n\t\t\t\t<svg aria-hidden=\"true\" class=\"e-font-icon-svg e-fas-paper-plane\" viewbox=\"0 0 512 512\" xmlns=\"http:\/\/www.w3.org\/2000\/svg\"><path d=\"M476 3.2L12.5 270.6c-18.1 10.4-15.8 35.6 2.2 43.2L121 358.4l287.3-253.2c5.5-4.9 13.3 2.6 8.6 8.3L176 407v80.5c0 23.6 28.5 32.9 42.5 15.8L282 426l124.6 52.2c14.2 6 30.4-2.9 33-18.2l72-432C515 7.8 493.3-6.8 476 3.2z\"><\/path><\/svg>\t\t\t<\/span>\n\t\t\t\t\t\t\t\t\t<span class=\"elementor-button-text\">Pyyd\u00e4 tarjous<\/span>\n\t\t\t\t\t<\/span>\n\t\t\t\t\t<\/a>\n\t\t\t\t\t\t\t\t<\/div>\n\t\t\t\t<\/div>\n\t\t\t\t\t<\/div>\n\t\t\t\t<\/div>\n\t\t<div class=\"elementor-element elementor-element-e06c472 e-flex e-con-boxed e-con e-parent\" data-id=\"e06c472\" data-element_type=\"container\">\n\t\t\t\t\t<div class=\"e-con-inner\">\n\t\t<div class=\"elementor-element elementor-element-5e04716 e-con-full e-flex e-con e-child\" data-id=\"5e04716\" data-element_type=\"container\">\n\t\t\t\t<div class=\"elementor-element elementor-element-be06277 elementor-invisible elementor-widget elementor-widget-image\" data-id=\"be06277\" data-element_type=\"widget\" data-settings=\"{&quot;_animation&quot;:&quot;zoomIn&quot;}\" data-widget_type=\"image.default\">\n\t\t\t\t\t\t\t\t\t\t\t\t\t\t\t<img decoding=\"async\" width=\"800\" height=\"448\" src=\"https:\/\/monorakennus.fi\/wp-content\/uploads\/2026\/03\/waste-mamangement-1024x574.jpg\" class=\"attachment-large size-large wp-image-477\" alt=\"\" srcset=\"https:\/\/monorakennus.fi\/wp-content\/uploads\/2026\/03\/waste-mamangement-1024x574.jpg 1024w, https:\/\/monorakennus.fi\/wp-content\/uploads\/2026\/03\/waste-mamangement-300x168.jpg 300w, https:\/\/monorakennus.fi\/wp-content\/uploads\/2026\/03\/waste-mamangement-768x430.jpg 768w, https:\/\/monorakennus.fi\/wp-content\/uploads\/2026\/03\/waste-mamangement-1536x861.jpg 1536w, https:\/\/monorakennus.fi\/wp-content\/uploads\/2026\/03\/waste-mamangement-2048x1148.jpg 2048w, https:\/\/monorakennus.fi\/wp-content\/uploads\/2026\/03\/waste-mamangement-scaled.jpg 1873w\" sizes=\"(max-width: 800px) 100vw, 800px\" \/>\t\t\t\t\t\t\t\t\t\t\t\t\t\t\t<\/div>\n\t\t\t\t<\/div>\n\t\t<div class=\"elementor-element elementor-element-e0a876f e-con-full e-flex e-con e-child\" data-id=\"e0a876f\" data-element_type=\"container\" data-settings=\"{&quot;background_background&quot;:&quot;classic&quot;}\">\n\t\t\t\t<div class=\"elementor-element elementor-element-d0fca2b elementor-widget elementor-widget-icon-box\" data-id=\"d0fca2b\" data-element_type=\"widget\" data-widget_type=\"icon-box.default\">\n\t\t\t\t\t\t\t<div class=\"elementor-icon-box-wrapper\">\n\n\t\t\t\n\t\t\t\t\t\t<div class=\"elementor-icon-box-content\">\n\n\t\t\t\t\t\t\t\t\t<h2 class=\"elementor-icon-box-title\">\n\t\t\t\t\t\t<span  >\n\t\t\t\t\t\t\tJ\u00e4tehuolto \t\t\t\t\t\t<\/span>\n\t\t\t\t\t<\/h2>\n\t\t\t\t\n\t\t\t\t\t\t\t\t\t<p class=\"elementor-icon-box-description\">\n\t\t\t\t\t\tToteutamme ty\u00f6maalla j\u00e4rjestelm\u00e4llisen ja kattavan j\u00e4tehuollon, varmistaen rakennusmateriaalien oikean lajittelun, kierr\u00e4tyksen ja h\u00e4vityksen. Toimintamme on huolellisesti suunniteltu minimoimaan ymp\u00e4rist\u00f6vaikutukset, noudattamaan sovellettavia m\u00e4\u00e4r\u00e4yksi\u00e4 ja yll\u00e4pit\u00e4m\u00e4\u00e4n puhdasta ja turvallista ty\u00f6ymp\u00e4rist\u00f6\u00e4 kaikille. J\u00e4tevirtojen organisointi, h\u00e4vitysprosessien valvonta ja kest\u00e4v\u00e4n materiaalink\u00e4sittelyn edist\u00e4minen tukevat ymp\u00e4rist\u00f6vastuullisuutta, samalla kun ne v\u00e4hent\u00e4v\u00e4t ty\u00f6maan riskej\u00e4 ja h\u00e4iri\u00f6it\u00e4. N\u00e4in varmistamme, ett\u00e4 projektin jokainen vaihe toteutetaan tehokkaasti, turvallisesti ja lain sek\u00e4 kest\u00e4v\u00e4n rakentamisen parhaiden k\u00e4yt\u00e4nt\u00f6jen mukaisesti koko projektin elinkaaren ajan.\t\t\t\t\t<\/p>\n\t\t\t\t\n\t\t\t<\/div>\n\t\t\t\n\t\t<\/div>\n\t\t\t\t\t\t<\/div>\n\t\t\t\t<div class=\"elementor-element elementor-element-a6e3cde elementor-widget__width-auto elementor-mobile-align-justify elementor-widget-mobile__width-inherit elementor-tablet-align-justify animated-slow elementor-invisible elementor-widget elementor-widget-button\" data-id=\"a6e3cde\" data-element_type=\"widget\" data-settings=\"{&quot;_animation&quot;:&quot;fadeInUp&quot;}\" data-widget_type=\"button.default\">\n\t\t\t\t\t\t\t\t\t\t<a class=\"elementor-button elementor-button-link elementor-size-sm\" href=\"http:\/\/monorakennus.fi\/fi\/contact-us\/\">\n\t\t\t\t\t\t<span class=\"elementor-button-content-wrapper\">\n\t\t\t\t\t\t<span class=\"elementor-button-icon\">\n\t\t\t\t<svg aria-hidden=\"true\" class=\"e-font-icon-svg e-fas-paper-plane\" viewbox=\"0 0 512 512\" xmlns=\"http:\/\/www.w3.org\/2000\/svg\"><path d=\"M476 3.2L12.5 270.6c-18.1 10.4-15.8 35.6 2.2 43.2L121 358.4l287.3-253.2c5.5-4.9 13.3 2.6 8.6 8.3L176 407v80.5c0 23.6 28.5 32.9 42.5 15.8L282 426l124.6 52.2c14.2 6 30.4-2.9 33-18.2l72-432C515 7.8 493.3-6.8 476 3.2z\"><\/path><\/svg>\t\t\t<\/span>\n\t\t\t\t\t\t\t\t\t<span class=\"elementor-button-text\">Pyyd\u00e4 tarjous<\/span>\n\t\t\t\t\t<\/span>\n\t\t\t\t\t<\/a>\n\t\t\t\t\t\t\t\t<\/div>\n\t\t\t\t<\/div>\n\t\t\t\t\t<\/div>\n\t\t\t\t<\/div>\n\t\t\t\t<\/div>","protected":false},"excerpt":{"rendered":"<p>Construction Site Support Services Certified Spotters We provide trained and certified spotters to ensure the safe operation of heavy machinery, lifting activities, and vehicle movements across the construction site. Our spotters act as the eyes and communication link between machine operators and ground personnel, coordinating movements to prevent accidents and maintain smooth workflow. They are [&hellip;]<\/p>\n","protected":false},"author":1,"featured_media":0,"parent":0,"menu_order":0,"comment_status":"closed","ping_status":"closed","template":"","meta":{"footnotes":""},"class_list":["post-276","page","type-page","status-publish","hentry"],"yoast_head":"<!-- This site is optimized with the Yoast SEO plugin v27.2 - https:\/\/yoast.com\/product\/yoast-seo-wordpress\/ -->\n<title>Construction Site Support Services - Mono Rakennus<\/title>\n<meta name=\"robots\" content=\"index, follow, max-snippet:-1, max-image-preview:large, max-video-preview:-1\" \/>\n<link rel=\"canonical\" href=\"https:\/\/monorakennus.fi\/fi\/construction-site-support-services\/\" \/>\n<meta property=\"og:locale\" content=\"fi_FI\" \/>\n<meta property=\"og:type\" content=\"article\" \/>\n<meta property=\"og:title\" content=\"Construction Site Support Services - Mono Rakennus\" \/>\n<meta property=\"og:description\" content=\"Construction Site Support Services Certified Spotters We provide trained and certified spotters to ensure the safe operation of heavy machinery, lifting activities, and vehicle movements across the construction site. Our spotters act as the eyes and communication link between machine operators and ground personnel, coordinating movements to prevent accidents and maintain smooth workflow. They are [&hellip;]\" \/>\n<meta property=\"og:url\" content=\"https:\/\/monorakennus.fi\/fi\/construction-site-support-services\/\" \/>\n<meta property=\"og:site_name\" content=\"Mono Rakennus\" \/>\n<meta property=\"article:modified_time\" content=\"2026-03-22T08:05:44+00:00\" \/>\n<meta property=\"og:image\" content=\"http:\/\/monorakennus.fi\/wp-content\/uploads\/2026\/03\/Certified-Spotters-799x1024.jpeg\" \/>\n<meta name=\"twitter:card\" content=\"summary_large_image\" \/>\n<meta name=\"twitter:label1\" content=\"Arvioitu lukuaika\" \/>\n\t<meta name=\"twitter:data1\" content=\"2 minuuttia\" \/>\n<script type=\"application\/ld+json\" class=\"yoast-schema-graph\">{\"@context\":\"https:\/\/schema.org\",\"@graph\":[{\"@type\":\"WebPage\",\"@id\":\"https:\/\/monorakennus.fi\/en\/construction-site-support-services\/\",\"url\":\"https:\/\/monorakennus.fi\/en\/construction-site-support-services\/\",\"name\":\"Construction Site Support Services - Mono Rakennus\",\"isPartOf\":{\"@id\":\"https:\/\/monorakennus.fi\/#website\"},\"primaryImageOfPage\":{\"@id\":\"https:\/\/monorakennus.fi\/en\/construction-site-support-services\/#primaryimage\"},\"image\":{\"@id\":\"https:\/\/monorakennus.fi\/en\/construction-site-support-services\/#primaryimage\"},\"thumbnailUrl\":\"http:\/\/monorakennus.fi\/wp-content\/uploads\/2026\/03\/Certified-Spotters-799x1024.jpeg\",\"datePublished\":\"2026-03-05T09:14:48+00:00\",\"dateModified\":\"2026-03-22T08:05:44+00:00\",\"breadcrumb\":{\"@id\":\"https:\/\/monorakennus.fi\/en\/construction-site-support-services\/#breadcrumb\"},\"inLanguage\":\"fi\",\"potentialAction\":[{\"@type\":\"ReadAction\",\"target\":[\"https:\/\/monorakennus.fi\/en\/construction-site-support-services\/\"]}]},{\"@type\":\"ImageObject\",\"inLanguage\":\"fi\",\"@id\":\"https:\/\/monorakennus.fi\/en\/construction-site-support-services\/#primaryimage\",\"url\":\"http:\/\/monorakennus.fi\/wp-content\/uploads\/2026\/03\/Certified-Spotters-799x1024.jpeg\",\"contentUrl\":\"http:\/\/monorakennus.fi\/wp-content\/uploads\/2026\/03\/Certified-Spotters-799x1024.jpeg\"},{\"@type\":\"BreadcrumbList\",\"@id\":\"https:\/\/monorakennus.fi\/en\/construction-site-support-services\/#breadcrumb\",\"itemListElement\":[{\"@type\":\"ListItem\",\"position\":1,\"name\":\"Etusivu\",\"item\":\"https:\/\/monorakennus.fi\/\"},{\"@type\":\"ListItem\",\"position\":2,\"name\":\"Construction Site Support Services\"}]},{\"@type\":\"WebSite\",\"@id\":\"https:\/\/monorakennus.fi\/#website\",\"url\":\"https:\/\/monorakennus.fi\/\",\"name\":\"Mono Rakennus\",\"description\":\"High-quality, safety-compliant interior fit-out solutions for demanding environments\",\"publisher\":{\"@id\":\"https:\/\/monorakennus.fi\/#organization\"},\"potentialAction\":[{\"@type\":\"SearchAction\",\"target\":{\"@type\":\"EntryPoint\",\"urlTemplate\":\"https:\/\/monorakennus.fi\/?s={search_term_string}\"},\"query-input\":{\"@type\":\"PropertyValueSpecification\",\"valueRequired\":true,\"valueName\":\"search_term_string\"}}],\"inLanguage\":\"fi\"},{\"@type\":\"Organization\",\"@id\":\"https:\/\/monorakennus.fi\/#organization\",\"name\":\"Mono Rakennus\",\"url\":\"https:\/\/monorakennus.fi\/\",\"logo\":{\"@type\":\"ImageObject\",\"inLanguage\":\"fi\",\"@id\":\"https:\/\/monorakennus.fi\/#\/schema\/logo\/image\/\",\"url\":\"https:\/\/monorakennus.fi\/wp-content\/uploads\/2026\/01\/Logo_Design-02-scaled.png\",\"contentUrl\":\"https:\/\/monorakennus.fi\/wp-content\/uploads\/2026\/01\/Logo_Design-02-scaled.png\",\"width\":1950,\"height\":864,\"caption\":\"Mono Rakennus\"},\"image\":{\"@id\":\"https:\/\/monorakennus.fi\/#\/schema\/logo\/image\/\"}}]}<\/script>\n<!-- \/ Yoast SEO plugin. -->","yoast_head_json":{"title":"Construction Site Support Services - Mono Rakennus","robots":{"index":"index","follow":"follow","max-snippet":"max-snippet:-1","max-image-preview":"max-image-preview:large","max-video-preview":"max-video-preview:-1"},"canonical":"https:\/\/monorakennus.fi\/fi\/construction-site-support-services\/","og_locale":"fi_FI","og_type":"article","og_title":"Construction Site Support Services - Mono Rakennus","og_description":"Construction Site Support Services Certified Spotters We provide trained and certified spotters to ensure the safe operation of heavy machinery, lifting activities, and vehicle movements across the construction site. Our spotters act as the eyes and communication link between machine operators and ground personnel, coordinating movements to prevent accidents and maintain smooth workflow. They are [&hellip;]","og_url":"https:\/\/monorakennus.fi\/fi\/construction-site-support-services\/","og_site_name":"Mono Rakennus","article_modified_time":"2026-03-22T08:05:44+00:00","og_image":[{"url":"http:\/\/monorakennus.fi\/wp-content\/uploads\/2026\/03\/Certified-Spotters-799x1024.jpeg","type":"","width":"","height":""}],"twitter_card":"summary_large_image","twitter_misc":{"Arvioitu lukuaika":"2 minuuttia"},"schema":{"@context":"https:\/\/schema.org","@graph":[{"@type":"WebPage","@id":"https:\/\/monorakennus.fi\/en\/construction-site-support-services\/","url":"https:\/\/monorakennus.fi\/en\/construction-site-support-services\/","name":"Construction Site Support Services - Mono Rakennus","isPartOf":{"@id":"https:\/\/monorakennus.fi\/#website"},"primaryImageOfPage":{"@id":"https:\/\/monorakennus.fi\/en\/construction-site-support-services\/#primaryimage"},"image":{"@id":"https:\/\/monorakennus.fi\/en\/construction-site-support-services\/#primaryimage"},"thumbnailUrl":"http:\/\/monorakennus.fi\/wp-content\/uploads\/2026\/03\/Certified-Spotters-799x1024.jpeg","datePublished":"2026-03-05T09:14:48+00:00","dateModified":"2026-03-22T08:05:44+00:00","breadcrumb":{"@id":"https:\/\/monorakennus.fi\/en\/construction-site-support-services\/#breadcrumb"},"inLanguage":"fi","potentialAction":[{"@type":"ReadAction","target":["https:\/\/monorakennus.fi\/en\/construction-site-support-services\/"]}]},{"@type":"ImageObject","inLanguage":"fi","@id":"https:\/\/monorakennus.fi\/en\/construction-site-support-services\/#primaryimage","url":"http:\/\/monorakennus.fi\/wp-content\/uploads\/2026\/03\/Certified-Spotters-799x1024.jpeg","contentUrl":"http:\/\/monorakennus.fi\/wp-content\/uploads\/2026\/03\/Certified-Spotters-799x1024.jpeg"},{"@type":"BreadcrumbList","@id":"https:\/\/monorakennus.fi\/en\/construction-site-support-services\/#breadcrumb","itemListElement":[{"@type":"ListItem","position":1,"name":"Etusivu","item":"https:\/\/monorakennus.fi\/"},{"@type":"ListItem","position":2,"name":"Construction Site Support Services"}]},{"@type":"WebSite","@id":"https:\/\/monorakennus.fi\/#website","url":"https:\/\/monorakennus.fi\/","name":"Mono Rakennus","description":"Korkealaatuisia ja turvallisuusvaatimukset t\u00e4ytt\u00e4vi\u00e4 sis\u00e4rakentamisen fit-out -ratkaisuja vaativiin ymp\u00e4rist\u00f6ihin","publisher":{"@id":"https:\/\/monorakennus.fi\/#organization"},"potentialAction":[{"@type":"SearchAction","target":{"@type":"EntryPoint","urlTemplate":"https:\/\/monorakennus.fi\/?s={search_term_string}"},"query-input":{"@type":"PropertyValueSpecification","valueRequired":true,"valueName":"search_term_string"}}],"inLanguage":"fi"},{"@type":"Organization","@id":"https:\/\/monorakennus.fi\/#organization","name":"Mono Rakennus","url":"https:\/\/monorakennus.fi\/","logo":{"@type":"ImageObject","inLanguage":"fi","@id":"https:\/\/monorakennus.fi\/#\/schema\/logo\/image\/","url":"https:\/\/monorakennus.fi\/wp-content\/uploads\/2026\/01\/Logo_Design-02-scaled.png","contentUrl":"https:\/\/monorakennus.fi\/wp-content\/uploads\/2026\/01\/Logo_Design-02-scaled.png","width":1950,"height":864,"caption":"Mono Rakennus"},"image":{"@id":"https:\/\/monorakennus.fi\/#\/schema\/logo\/image\/"}}]}},"_links":{"self":[{"href":"https:\/\/monorakennus.fi\/fi\/wp-json\/wp\/v2\/pages\/276","targetHints":{"allow":["GET"]}}],"collection":[{"href":"https:\/\/monorakennus.fi\/fi\/wp-json\/wp\/v2\/pages"}],"about":[{"href":"https:\/\/monorakennus.fi\/fi\/wp-json\/wp\/v2\/types\/page"}],"author":[{"embeddable":true,"href":"https:\/\/monorakennus.fi\/fi\/wp-json\/wp\/v2\/users\/1"}],"replies":[{"embeddable":true,"href":"https:\/\/monorakennus.fi\/fi\/wp-json\/wp\/v2\/comments?post=276"}],"version-history":[{"count":22,"href":"https:\/\/monorakennus.fi\/fi\/wp-json\/wp\/v2\/pages\/276\/revisions"}],"predecessor-version":[{"id":625,"href":"https:\/\/monorakennus.fi\/fi\/wp-json\/wp\/v2\/pages\/276\/revisions\/625"}],"wp:attachment":[{"href":"https:\/\/monorakennus.fi\/fi\/wp-json\/wp\/v2\/media?parent=276"}],"curies":[{"name":"wp","href":"https:\/\/api.w.org\/{rel}","templated":true}]}}