{"id":27,"date":"2026-01-31T11:33:13","date_gmt":"2026-01-31T11:33:13","guid":{"rendered":"http:\/\/monorakennus.fi\/?page_id=27"},"modified":"2026-03-21T13:10:46","modified_gmt":"2026-03-21T13:10:46","slug":"references","status":"publish","type":"page","link":"https:\/\/monorakennus.fi\/fi\/references\/","title":{"rendered":"Referenssit"},"content":{"rendered":"<div data-elementor-type=\"wp-page\" data-elementor-id=\"27\" class=\"elementor elementor-27\" data-elementor-post-type=\"page\">\n\t\t\t\t<div class=\"elementor-element elementor-element-21f199c e-flex e-con-boxed e-con e-parent\" data-id=\"21f199c\" data-element_type=\"container\" data-settings=\"{&quot;background_background&quot;:&quot;classic&quot;}\">\n\t\t\t\t\t<div class=\"e-con-inner\">\n\t\t\t\t<div class=\"elementor-element elementor-element-63daa40 elementor-widget__width-inherit elementor-invisible elementor-widget elementor-widget-heading\" data-id=\"63daa40\" data-element_type=\"widget\" data-settings=\"{&quot;_animation&quot;:&quot;zoomIn&quot;}\" data-widget_type=\"heading.default\">\n\t\t\t\t\t<h1 class=\"elementor-heading-title elementor-size-default\">Referenssit<\/h1>\t\t\t\t<\/div>\n\t\t\t\t\t<\/div>\n\t\t\t\t<\/div>\n\t\t<div class=\"elementor-element elementor-element-363fcad e-flex e-con-boxed e-con e-parent\" data-id=\"363fcad\" data-element_type=\"container\">\n\t\t\t\t\t<div class=\"e-con-inner\">\n\t\t<div class=\"elementor-element elementor-element-401d87c e-con-full e-flex e-con e-child\" data-id=\"401d87c\" data-element_type=\"container\">\n\t\t\t\t<div class=\"elementor-element elementor-element-1f0554d elementor-invisible elementor-widget elementor-widget-image\" data-id=\"1f0554d\" data-element_type=\"widget\" data-settings=\"{&quot;_animation&quot;:&quot;zoomIn&quot;}\" data-widget_type=\"image.default\">\n\t\t\t\t\t\t\t\t\t\t\t\t\t\t\t<img fetchpriority=\"high\" decoding=\"async\" width=\"800\" height=\"534\" src=\"https:\/\/monorakennus.fi\/wp-content\/uploads\/2026\/02\/placeholder-7-1024x683.png\" class=\"attachment-large size-large wp-image-215\" alt=\"\" srcset=\"https:\/\/monorakennus.fi\/wp-content\/uploads\/2026\/02\/placeholder-7-1024x683.png 1024w, https:\/\/monorakennus.fi\/wp-content\/uploads\/2026\/02\/placeholder-7-300x200.png 300w, https:\/\/monorakennus.fi\/wp-content\/uploads\/2026\/02\/placeholder-7-768x512.png 768w, https:\/\/monorakennus.fi\/wp-content\/uploads\/2026\/02\/placeholder-7.png 1200w\" sizes=\"(max-width: 800px) 100vw, 800px\" \/>\t\t\t\t\t\t\t\t\t\t\t\t\t\t\t<\/div>\n\t\t\t\t<\/div>\n\t\t<div class=\"elementor-element elementor-element-0a0b462 e-con-full e-flex e-con e-child\" data-id=\"0a0b462\" data-element_type=\"container\" data-settings=\"{&quot;background_background&quot;:&quot;classic&quot;}\">\n\t\t\t\t<div class=\"elementor-element elementor-element-3e81453 elementor-widget elementor-widget-icon-box\" data-id=\"3e81453\" data-element_type=\"widget\" data-widget_type=\"icon-box.default\">\n\t\t\t\t\t\t\t<div class=\"elementor-icon-box-wrapper\">\n\n\t\t\t\n\t\t\t\t\t\t<div class=\"elementor-icon-box-content\">\n\n\t\t\t\t\t\t\t\t\t<h2 class=\"elementor-icon-box-title\">\n\t\t\t\t\t\t<span  >\n\t\t\t\t\t\t\tFIN04 Data Center, Kouvola (Myllykoski)\t\t\t\t\t\t<\/span>\n\t\t\t\t\t<\/h2>\n\t\t\t\t\n\t\t\t\t\n\t\t\t<\/div>\n\t\t\t\n\t\t<\/div>\n\t\t\t\t\t\t<\/div>\n\t\t\t\t<div class=\"elementor-element elementor-element-183f649 elementor-widget elementor-widget-text-editor\" data-id=\"183f649\" data-element_type=\"widget\" data-widget_type=\"text-editor.default\">\n\t\t\t\t\t\t\t\t\t<p><strong>Asiakas:<\/strong> atNorth Oy<br \/><strong>P\u00e4\u00e4urakoitsija:<\/strong> CTS Nordics<br \/><strong>Aliurakoitsijakumppani:<\/strong> Fortica Finland Oy<br \/><strong>Rooli:<\/strong> Ty\u00f6maatuet ja operatiiviset palvelut<\/p>\t\t\t\t\t\t\t\t<\/div>\n\t\t\t\t<div class=\"elementor-element elementor-element-dcd0a99 elementor-widget__width-auto elementor-mobile-align-justify elementor-widget-mobile__width-inherit elementor-tablet-align-justify animated-slow elementor-invisible elementor-widget elementor-widget-button\" data-id=\"dcd0a99\" data-element_type=\"widget\" data-settings=\"{&quot;_animation&quot;:&quot;fadeInUp&quot;}\" data-widget_type=\"button.default\">\n\t\t\t\t\t\t\t\t\t\t<a class=\"elementor-button elementor-button-link elementor-size-sm\" href=\"http:\/\/monorakennus.fi\/fi\/fin04-data-center-kouvola-myllykoski\/\">\n\t\t\t\t\t\t<span class=\"elementor-button-content-wrapper\">\n\t\t\t\t\t\t<span class=\"elementor-button-icon\">\n\t\t\t\t<svg aria-hidden=\"true\" class=\"e-font-icon-svg e-fas-paper-plane\" viewbox=\"0 0 512 512\" xmlns=\"http:\/\/www.w3.org\/2000\/svg\"><path d=\"M476 3.2L12.5 270.6c-18.1 10.4-15.8 35.6 2.2 43.2L121 358.4l287.3-253.2c5.5-4.9 13.3 2.6 8.6 8.3L176 407v80.5c0 23.6 28.5 32.9 42.5 15.8L282 426l124.6 52.2c14.2 6 30.4-2.9 33-18.2l72-432C515 7.8 493.3-6.8 476 3.2z\"><\/path><\/svg>\t\t\t<\/span>\n\t\t\t\t\t\t\t\t\t<span class=\"elementor-button-text\">N\u00e4yt\u00e4 projektin tiedot<\/span>\n\t\t\t\t\t<\/span>\n\t\t\t\t\t<\/a>\n\t\t\t\t\t\t\t\t<\/div>\n\t\t\t\t<\/div>\n\t\t\t\t\t<\/div>\n\t\t\t\t<\/div>\n\t\t\t\t<\/div>","protected":false},"excerpt":{"rendered":"<p>References FIN04 Data Center, Kouvola (Myllykoski) End Client: atNorth OyGeneral Contractor: CTS NordicsSubcontracting Partner: Fortica Finland OyRole: Site Support &amp; Operational Services View Project Details<\/p>","protected":false},"author":1,"featured_media":0,"parent":0,"menu_order":0,"comment_status":"closed","ping_status":"closed","template":"","meta":{"footnotes":""},"class_list":["post-27","page","type-page","status-publish","hentry"],"yoast_head":"<!-- This site is optimized with the Yoast SEO plugin v27.2 - https:\/\/yoast.com\/product\/yoast-seo-wordpress\/ -->\n<title>References - Mono Rakennus<\/title>\n<meta name=\"robots\" content=\"index, follow, max-snippet:-1, max-image-preview:large, max-video-preview:-1\" \/>\n<link rel=\"canonical\" href=\"https:\/\/monorakennus.fi\/fi\/references\/\" \/>\n<meta property=\"og:locale\" content=\"fi_FI\" \/>\n<meta property=\"og:type\" content=\"article\" \/>\n<meta property=\"og:title\" content=\"References - Mono Rakennus\" \/>\n<meta property=\"og:description\" content=\"References FIN04 Data Center, Kouvola (Myllykoski) End Client: atNorth OyGeneral Contractor: CTS NordicsSubcontracting Partner: Fortica Finland OyRole: Site Support &amp; Operational Services View Project Details\" \/>\n<meta property=\"og:url\" content=\"https:\/\/monorakennus.fi\/fi\/references\/\" \/>\n<meta property=\"og:site_name\" content=\"Mono Rakennus\" \/>\n<meta property=\"article:modified_time\" content=\"2026-03-21T13:10:46+00:00\" \/>\n<meta property=\"og:image\" content=\"http:\/\/monorakennus.fi\/wp-content\/uploads\/2026\/02\/placeholder-7-1024x683.png\" \/>\n<meta name=\"twitter:card\" content=\"summary_large_image\" \/>\n<script type=\"application\/ld+json\" class=\"yoast-schema-graph\">{\"@context\":\"https:\/\/schema.org\",\"@graph\":[{\"@type\":\"WebPage\",\"@id\":\"https:\/\/monorakennus.fi\/en\/references\/\",\"url\":\"https:\/\/monorakennus.fi\/en\/references\/\",\"name\":\"References - Mono Rakennus\",\"isPartOf\":{\"@id\":\"https:\/\/monorakennus.fi\/#website\"},\"primaryImageOfPage\":{\"@id\":\"https:\/\/monorakennus.fi\/en\/references\/#primaryimage\"},\"image\":{\"@id\":\"https:\/\/monorakennus.fi\/en\/references\/#primaryimage\"},\"thumbnailUrl\":\"http:\/\/monorakennus.fi\/wp-content\/uploads\/2026\/02\/placeholder-7-1024x683.png\",\"datePublished\":\"2026-01-31T11:33:13+00:00\",\"dateModified\":\"2026-03-21T13:10:46+00:00\",\"breadcrumb\":{\"@id\":\"https:\/\/monorakennus.fi\/en\/references\/#breadcrumb\"},\"inLanguage\":\"fi\",\"potentialAction\":[{\"@type\":\"ReadAction\",\"target\":[\"https:\/\/monorakennus.fi\/en\/references\/\"]}]},{\"@type\":\"ImageObject\",\"inLanguage\":\"fi\",\"@id\":\"https:\/\/monorakennus.fi\/en\/references\/#primaryimage\",\"url\":\"http:\/\/monorakennus.fi\/wp-content\/uploads\/2026\/02\/placeholder-7-1024x683.png\",\"contentUrl\":\"http:\/\/monorakennus.fi\/wp-content\/uploads\/2026\/02\/placeholder-7-1024x683.png\"},{\"@type\":\"BreadcrumbList\",\"@id\":\"https:\/\/monorakennus.fi\/en\/references\/#breadcrumb\",\"itemListElement\":[{\"@type\":\"ListItem\",\"position\":1,\"name\":\"Etusivu\",\"item\":\"https:\/\/monorakennus.fi\/\"},{\"@type\":\"ListItem\",\"position\":2,\"name\":\"References\"}]},{\"@type\":\"WebSite\",\"@id\":\"https:\/\/monorakennus.fi\/#website\",\"url\":\"https:\/\/monorakennus.fi\/\",\"name\":\"Mono Rakennus\",\"description\":\"High-quality, safety-compliant interior fit-out solutions for demanding environments\",\"publisher\":{\"@id\":\"https:\/\/monorakennus.fi\/#organization\"},\"potentialAction\":[{\"@type\":\"SearchAction\",\"target\":{\"@type\":\"EntryPoint\",\"urlTemplate\":\"https:\/\/monorakennus.fi\/?s={search_term_string}\"},\"query-input\":{\"@type\":\"PropertyValueSpecification\",\"valueRequired\":true,\"valueName\":\"search_term_string\"}}],\"inLanguage\":\"fi\"},{\"@type\":\"Organization\",\"@id\":\"https:\/\/monorakennus.fi\/#organization\",\"name\":\"Mono Rakennus\",\"url\":\"https:\/\/monorakennus.fi\/\",\"logo\":{\"@type\":\"ImageObject\",\"inLanguage\":\"fi\",\"@id\":\"https:\/\/monorakennus.fi\/#\/schema\/logo\/image\/\",\"url\":\"https:\/\/monorakennus.fi\/wp-content\/uploads\/2026\/01\/Logo_Design-02-scaled.png\",\"contentUrl\":\"https:\/\/monorakennus.fi\/wp-content\/uploads\/2026\/01\/Logo_Design-02-scaled.png\",\"width\":1950,\"height\":864,\"caption\":\"Mono Rakennus\"},\"image\":{\"@id\":\"https:\/\/monorakennus.fi\/#\/schema\/logo\/image\/\"}}]}<\/script>\n<!-- \/ Yoast SEO plugin. -->","yoast_head_json":{"title":"References - Mono Rakennus","robots":{"index":"index","follow":"follow","max-snippet":"max-snippet:-1","max-image-preview":"max-image-preview:large","max-video-preview":"max-video-preview:-1"},"canonical":"https:\/\/monorakennus.fi\/fi\/references\/","og_locale":"fi_FI","og_type":"article","og_title":"References - Mono Rakennus","og_description":"References FIN04 Data Center, Kouvola (Myllykoski) End Client: atNorth OyGeneral Contractor: CTS NordicsSubcontracting Partner: Fortica Finland OyRole: Site Support &amp; Operational Services View Project Details","og_url":"https:\/\/monorakennus.fi\/fi\/references\/","og_site_name":"Mono Rakennus","article_modified_time":"2026-03-21T13:10:46+00:00","og_image":[{"url":"http:\/\/monorakennus.fi\/wp-content\/uploads\/2026\/02\/placeholder-7-1024x683.png","type":"","width":"","height":""}],"twitter_card":"summary_large_image","schema":{"@context":"https:\/\/schema.org","@graph":[{"@type":"WebPage","@id":"https:\/\/monorakennus.fi\/en\/references\/","url":"https:\/\/monorakennus.fi\/en\/references\/","name":"References - Mono Rakennus","isPartOf":{"@id":"https:\/\/monorakennus.fi\/#website"},"primaryImageOfPage":{"@id":"https:\/\/monorakennus.fi\/en\/references\/#primaryimage"},"image":{"@id":"https:\/\/monorakennus.fi\/en\/references\/#primaryimage"},"thumbnailUrl":"http:\/\/monorakennus.fi\/wp-content\/uploads\/2026\/02\/placeholder-7-1024x683.png","datePublished":"2026-01-31T11:33:13+00:00","dateModified":"2026-03-21T13:10:46+00:00","breadcrumb":{"@id":"https:\/\/monorakennus.fi\/en\/references\/#breadcrumb"},"inLanguage":"fi","potentialAction":[{"@type":"ReadAction","target":["https:\/\/monorakennus.fi\/en\/references\/"]}]},{"@type":"ImageObject","inLanguage":"fi","@id":"https:\/\/monorakennus.fi\/en\/references\/#primaryimage","url":"http:\/\/monorakennus.fi\/wp-content\/uploads\/2026\/02\/placeholder-7-1024x683.png","contentUrl":"http:\/\/monorakennus.fi\/wp-content\/uploads\/2026\/02\/placeholder-7-1024x683.png"},{"@type":"BreadcrumbList","@id":"https:\/\/monorakennus.fi\/en\/references\/#breadcrumb","itemListElement":[{"@type":"ListItem","position":1,"name":"Etusivu","item":"https:\/\/monorakennus.fi\/"},{"@type":"ListItem","position":2,"name":"References"}]},{"@type":"WebSite","@id":"https:\/\/monorakennus.fi\/#website","url":"https:\/\/monorakennus.fi\/","name":"Mono Rakennus","description":"Korkealaatuisia ja turvallisuusvaatimukset t\u00e4ytt\u00e4vi\u00e4 sis\u00e4rakentamisen fit-out -ratkaisuja vaativiin ymp\u00e4rist\u00f6ihin","publisher":{"@id":"https:\/\/monorakennus.fi\/#organization"},"potentialAction":[{"@type":"SearchAction","target":{"@type":"EntryPoint","urlTemplate":"https:\/\/monorakennus.fi\/?s={search_term_string}"},"query-input":{"@type":"PropertyValueSpecification","valueRequired":true,"valueName":"search_term_string"}}],"inLanguage":"fi"},{"@type":"Organization","@id":"https:\/\/monorakennus.fi\/#organization","name":"Mono Rakennus","url":"https:\/\/monorakennus.fi\/","logo":{"@type":"ImageObject","inLanguage":"fi","@id":"https:\/\/monorakennus.fi\/#\/schema\/logo\/image\/","url":"https:\/\/monorakennus.fi\/wp-content\/uploads\/2026\/01\/Logo_Design-02-scaled.png","contentUrl":"https:\/\/monorakennus.fi\/wp-content\/uploads\/2026\/01\/Logo_Design-02-scaled.png","width":1950,"height":864,"caption":"Mono Rakennus"},"image":{"@id":"https:\/\/monorakennus.fi\/#\/schema\/logo\/image\/"}}]}},"_links":{"self":[{"href":"https:\/\/monorakennus.fi\/fi\/wp-json\/wp\/v2\/pages\/27","targetHints":{"allow":["GET"]}}],"collection":[{"href":"https:\/\/monorakennus.fi\/fi\/wp-json\/wp\/v2\/pages"}],"about":[{"href":"https:\/\/monorakennus.fi\/fi\/wp-json\/wp\/v2\/types\/page"}],"author":[{"embeddable":true,"href":"https:\/\/monorakennus.fi\/fi\/wp-json\/wp\/v2\/users\/1"}],"replies":[{"embeddable":true,"href":"https:\/\/monorakennus.fi\/fi\/wp-json\/wp\/v2\/comments?post=27"}],"version-history":[{"count":8,"href":"https:\/\/monorakennus.fi\/fi\/wp-json\/wp\/v2\/pages\/27\/revisions"}],"predecessor-version":[{"id":595,"href":"https:\/\/monorakennus.fi\/fi\/wp-json\/wp\/v2\/pages\/27\/revisions\/595"}],"wp:attachment":[{"href":"https:\/\/monorakennus.fi\/fi\/wp-json\/wp\/v2\/media?parent=27"}],"curies":[{"name":"wp","href":"https:\/\/api.w.org\/{rel}","templated":true}]}}